{"id":75,"date":"2025-10-01T03:11:10","date_gmt":"2025-10-01T03:11:10","guid":{"rendered":"https:\/\/fiv.tl\/?page_id=75"},"modified":"2025-11-11T13:59:04","modified_gmt":"2025-11-11T13:59:04","slug":"misaun-vizaun","status":"publish","type":"page","link":"https:\/\/fiv.tl\/?page_id=75","title":{"rendered":"VIZAUN &#038; MISAUN"},"content":{"rendered":"<p><img fetchpriority=\"high\" decoding=\"async\" class=\"size-full wp-image-52 aligncenter\" src=\"https:\/\/fiv.tl\/wp-content\/uploads\/2025\/09\/FIV-1.png\" alt=\"\" width=\"251\" height=\"254\" \/><\/p>\n<p style=\"text-align: center;\"><strong> KONSTITUISAUN FUNDU INVESTIMENTU BA VETERANUS<\/strong><br \/>\n<strong>TIMOR\u2013 LESTE<\/strong><\/p>\n<p style=\"text-align: center;\"><strong>ESTRATEJIKU KUADRU SERVISU<\/strong><\/p>\n<p style=\"text-align: center;\"><strong>MISAUN, VIZAUN, VALORES NO OBJETIVU<\/strong><\/p>\n<p><strong>1. Misaun<\/strong><\/p>\n<p>Gabinete Fundo de Investimento dos Veteranos \u2018\u2019 G-FIV \u2018\u2019 ne\u2019e\u00a0 servisu ida aut\u00f3nomu ne\u2019eb\u00e9 subordina diretamente ba Conselho dos Combatentes da Liberta\u00e7\u00e3o Nacional iha missaun atu administra fundo de Investimentu , promove no prepara realizasaun ba estudu viabilidade.<\/p>\n<p>( Estudo ida ho diak ) kona b\u00e1 estrat\u00e9jia dezenvolvimentu , haklean kooperasaun entre Estado no oragnizasoens ne\u2019eb\u00e9 integra , ho objetivu atu estimula nia potensial iha implementasaun programa Fundo Investimento de Veteranos iha servisu dezenvolvimentu sosioekon\u00f3miku nasaun nian.<\/p>\n<p><strong>2. Vizaun<\/strong><\/p>\n<p>Konstituisaun Fundo de Investimento dos Veteranos ne\u2019e maka atu fo garantia ba sustentabilidade finanseira ba jerasaun kombatentes , ho ida ne\u2019e maka bele estimula kriasaun negosiu ida autossustent\u00e1vel, diversifika no dezenvolve efetivamente mekanizmu sira hodi apoia no proteje fam\u00edlia m\u00e1rtires no Kombatentes sira ba Libertasaun Nasional.<\/p>\n<p><strong>3.Valores<\/strong><\/p>\n<p>Iha Fundo de Investimento dos Veteranos ita nia valor maka, oinsa ita nia komportamentu em Relasaun ho ema seluk no mos oinsa ho ema nian mai ita atu assegura investimentu ida efektivu, sustent\u00e1vel no efisiente no iha processu tomada desizaun atu ema ne\u2019eb\u00e9 envolve iha organizasaun bele mos sente katak nia hanoin no ideia bele mos sai parte importante atu assegura konsolidasaun organizasional.<\/p>\n<p><strong>4. Objetivu<\/strong><\/p>\n<p><strong>Krisaun Fundu Investimentu Veteranus nia objetivu mak atu:\u00a0<\/strong><\/p>\n<ul>\n<li>Veteranus bele partisipa iha prosesu dezenvolvimentu ekonom\u00eda nasaun hodi kompleta prins\u00edpiu \u201cLuta Liberta p\u00e1tria no Luta Liberta povu\u201d.<\/li>\n<li>Nu\u2019udar kapit\u00e1l hodi garante sustentabilidade finanseira ba jerasaun sira tuir mai, tamba pensaun sei hotu maibe fundu sei kontinua nafatin ba jerasaun sira.<\/li>\n<li>Sai alternativu ba investimentu iha Timor-Leste, atu fo benefisiu ba futuru jerasaun sira.<\/li>\n<li>Hanesan eransa hosi Veteranus ba nasaun no nu\u2019udar b\u00e9 matan ba nia jerasaun.<\/li>\n<li>Hanesan mem\u00f3ria viva ba ema hotu hodi relemba fali dedikasaun hosi veteranus sira.<\/li>\n<li>Na\u2019in ba ukun-an no Rin ba Nasaun, labele sai bainaka ba ekononomia.<\/li>\n<\/ul>\n","protected":false},"excerpt":{"rendered":"<p>KONSTITUISAUN FUNDU INVESTIMENTU BA VETERANUS TIMOR\u2013 LESTE ESTRATEJIKU KUADRU SERVISU MISAUN, VIZAUN, VALORES NO OBJETIVU 1. Misaun Gabinete Fundo de Investimento dos Veteranos \u2018\u2019 G-FIV \u2018\u2019 ne\u2019e\u00a0 servisu ida aut\u00f3nomu ne\u2019eb\u00e9 subordina diretamente ba Conselho dos Combatentes da Liberta\u00e7\u00e3o Nacional iha missaun atu administra fundo de Investimentu , promove no prepara realizasaun ba estudu viabilidade.<br \/><a class=\"btn btn-theme post-btn\" href=\"https:\/\/fiv.tl\/?page_id=75\">Read More<\/a><\/p>\n","protected":false},"author":1,"featured_media":0,"parent":0,"menu_order":0,"comment_status":"closed","ping_status":"closed","template":"","meta":{"footnotes":""},"class_list":["post-75","page","type-page","status-publish","hentry"],"_links":{"self":[{"href":"https:\/\/fiv.tl\/index.php?rest_route=\/wp\/v2\/pages\/75","targetHints":{"allow":["GET"]}}],"collection":[{"href":"https:\/\/fiv.tl\/index.php?rest_route=\/wp\/v2\/pages"}],"about":[{"href":"https:\/\/fiv.tl\/index.php?rest_route=\/wp\/v2\/types\/page"}],"author":[{"embeddable":true,"href":"https:\/\/fiv.tl\/index.php?rest_route=\/wp\/v2\/users\/1"}],"replies":[{"embeddable":true,"href":"https:\/\/fiv.tl\/index.php?rest_route=%2Fwp%2Fv2%2Fcomments&post=75"}],"version-history":[{"count":11,"href":"https:\/\/fiv.tl\/index.php?rest_route=\/wp\/v2\/pages\/75\/revisions"}],"predecessor-version":[{"id":513,"href":"https:\/\/fiv.tl\/index.php?rest_route=\/wp\/v2\/pages\/75\/revisions\/513"}],"wp:attachment":[{"href":"https:\/\/fiv.tl\/index.php?rest_route=%2Fwp%2Fv2%2Fmedia&parent=75"}],"curies":[{"name":"wp","href":"https:\/\/api.w.org\/{rel}","templated":true}]}}