{"id":533,"date":"2025-11-12T13:13:32","date_gmt":"2025-11-12T13:13:32","guid":{"rendered":"https:\/\/fiv.tl\/?page_id=533"},"modified":"2026-01-26T07:14:34","modified_gmt":"2026-01-26T07:14:34","slug":"elementor-533","status":"publish","type":"page","link":"https:\/\/fiv.tl\/?page_id=533","title":{"rendered":"GERENTE FINANSAS"},"content":{"rendered":"\t\t<div data-elementor-type=\"wp-post\" data-elementor-id=\"533\" class=\"elementor elementor-533\">\n\t\t\t\t<div class=\"elementor-element elementor-element-0eafdb8 e-flex e-con-boxed e-con e-parent\" data-id=\"0eafdb8\" data-element_type=\"container\" data-e-type=\"container\">\n\t\t\t\t\t<div class=\"e-con-inner\">\n\t\t<div class=\"elementor-element elementor-element-27cb947 e-con-full e-flex e-con e-child\" data-id=\"27cb947\" data-element_type=\"container\" data-e-type=\"container\">\n\t\t\t\t<div class=\"elementor-element elementor-element-b6f262a elementor-widget__width-initial elementor-widget elementor-widget-image\" data-id=\"b6f262a\" data-element_type=\"widget\" data-e-type=\"widget\" data-widget_type=\"image.default\">\n\t\t\t\t\t\t\t\t\t\t\t\t\t\t\t<img fetchpriority=\"high\" decoding=\"async\" width=\"640\" height=\"853\" src=\"https:\/\/fiv.tl\/wp-content\/uploads\/2026\/01\/1111-768x1024.jpeg\" class=\"attachment-large size-large wp-image-638\" alt=\"\" srcset=\"https:\/\/fiv.tl\/wp-content\/uploads\/2026\/01\/1111-768x1024.jpeg 768w, https:\/\/fiv.tl\/wp-content\/uploads\/2026\/01\/1111-225x300.jpeg 225w, https:\/\/fiv.tl\/wp-content\/uploads\/2026\/01\/1111-450x600.jpeg 450w, https:\/\/fiv.tl\/wp-content\/uploads\/2026\/01\/1111.jpeg 960w\" sizes=\"(max-width: 640px) 100vw, 640px\" \/>\t\t\t\t\t\t\t\t\t\t\t\t\t\t\t<\/div>\n\t\t\t\t<\/div>\n\t\t<div class=\"elementor-element elementor-element-e16d211 e-con-full e-flex e-con e-child\" data-id=\"e16d211\" data-element_type=\"container\" data-e-type=\"container\">\n\t\t\t\t<div class=\"elementor-element elementor-element-1ffa4eb elementor-widget elementor-widget-text-editor\" data-id=\"1ffa4eb\" data-element_type=\"widget\" data-e-type=\"widget\" data-widget_type=\"text-editor.default\">\n\t\t\t\t\t\t\t\t\t<p style=\"text-align:justify;\">Elsa hanesan Jerente Administrasaun no Finansa ho esperi\u00e9nsia lideransa extensa husi hanoin, supervisaun operasaun ekipa.\n\nKarreira Profision\u00e1l, Sra. Elsa hahu ninia karreira iha Administrasaun no Finansia iha Millennium Challenge Corporation (MCC). Depois kontinua tinan 9 iha International Federation of red Cross and red Cresent Societies (IFRC) \u00a0iha Finansas, hodi dezenvolve esperi\u00e9nsia iha jestaun finansiera no supervisaun operacional nian no Kontinua servisu iha CARE International iha Timor-Leste ba tinan 7, f\u00f3 f\u00f3kus ba Administrasaun no Aprovizionamentu, hodi asegura efisi\u00e9nsia no konformidade iha prosesu organizasion\u00e1l.\n\nLideransa &amp; Habilidade<\/em>\n\n<em>Habilidade iha gida ekipa, simplifika operasaun, no promove kolaborasaun.\nEsperi\u00e9nsia iha jestaun Administrasaun, Finansas no Aprovizionamentu, supervisaun finansiera, koordina administrative no involve iha prosesu aprovizinamentu institusional\nRekonosimentu husi integridade, dedikasaun, no abordajen orientadu ba rezultadu.<\/em>\t\t\t\t\t\t\t\t<\/div>\n\t\t\t\t<\/div>\n\t\t\t\t\t<\/div>\n\t\t\t\t<\/div>\n\t\t\t\t<\/div>\n\t\t","protected":false},"excerpt":{"rendered":"<p>Elsa hanesan Jerente Administrasaun no Finansa ho esperi\u00e9nsia lideransa extensa husi hanoin, supervisaun operasaun ekipa. Karreira Profision\u00e1l, Sra. Elsa hahu ninia karreira iha Administrasaun no Finansia iha Millennium Challenge Corporation (MCC). Depois kontinua tinan 9 iha International Federation of red Cross and red Cresent Societies (IFRC) \u00a0iha Finansas, hodi dezenvolve esperi\u00e9nsia iha jestaun finansiera no<br \/><a class=\"btn btn-theme post-btn\" href=\"https:\/\/fiv.tl\/?page_id=533\">Read More<\/a><\/p>\n","protected":false},"author":1,"featured_media":0,"parent":0,"menu_order":0,"comment_status":"closed","ping_status":"closed","template":"","meta":{"footnotes":""},"class_list":["post-533","page","type-page","status-publish","hentry"],"_links":{"self":[{"href":"https:\/\/fiv.tl\/index.php?rest_route=\/wp\/v2\/pages\/533","targetHints":{"allow":["GET"]}}],"collection":[{"href":"https:\/\/fiv.tl\/index.php?rest_route=\/wp\/v2\/pages"}],"about":[{"href":"https:\/\/fiv.tl\/index.php?rest_route=\/wp\/v2\/types\/page"}],"author":[{"embeddable":true,"href":"https:\/\/fiv.tl\/index.php?rest_route=\/wp\/v2\/users\/1"}],"replies":[{"embeddable":true,"href":"https:\/\/fiv.tl\/index.php?rest_route=%2Fwp%2Fv2%2Fcomments&post=533"}],"version-history":[{"count":17,"href":"https:\/\/fiv.tl\/index.php?rest_route=\/wp\/v2\/pages\/533\/revisions"}],"predecessor-version":[{"id":641,"href":"https:\/\/fiv.tl\/index.php?rest_route=\/wp\/v2\/pages\/533\/revisions\/641"}],"wp:attachment":[{"href":"https:\/\/fiv.tl\/index.php?rest_route=%2Fwp%2Fv2%2Fmedia&parent=533"}],"curies":[{"name":"wp","href":"https:\/\/api.w.org\/{rel}","templated":true}]}}