{"id":358,"date":"2025-10-27T06:39:52","date_gmt":"2025-10-27T06:39:52","guid":{"rendered":"https:\/\/fiv.tl\/?page_id=358"},"modified":"2025-11-14T05:50:38","modified_gmt":"2025-11-14T05:50:38","slug":"coordenador-fiv","status":"publish","type":"page","link":"https:\/\/fiv.tl\/?page_id=358","title":{"rendered":"COORDENADOR FIV"},"content":{"rendered":"\t\t<div data-elementor-type=\"wp-page\" data-elementor-id=\"358\" class=\"elementor elementor-358\">\n\t\t\t\t<div class=\"elementor-element elementor-element-606a9d6 e-flex e-con-boxed e-con e-parent\" data-id=\"606a9d6\" data-element_type=\"container\" data-e-type=\"container\">\n\t\t\t\t\t<div class=\"e-con-inner\">\n\t\t<div class=\"elementor-element elementor-element-b545e6f e-con-full e-flex e-con e-child\" data-id=\"b545e6f\" data-element_type=\"container\" data-e-type=\"container\">\n\t\t\t\t<div class=\"elementor-element elementor-element-b686725 elementor-widget elementor-widget-image\" data-id=\"b686725\" data-element_type=\"widget\" data-e-type=\"widget\" data-widget_type=\"image.default\">\n\t\t\t\t\t\t\t\t\t\t\t\t\t\t\t<img fetchpriority=\"high\" decoding=\"async\" width=\"2048\" height=\"3467\" src=\"https:\/\/fiv.tl\/wp-content\/uploads\/2025\/10\/3c8694fe-b7af-4f31-bc1e-a954a9054694.png\" class=\"attachment-full size-full wp-image-381\" alt=\"\" \/>\t\t\t\t\t\t\t\t\t\t\t\t\t\t\t<\/div>\n\t\t\t\t<\/div>\n\t\t<div class=\"elementor-element elementor-element-9b150c9 e-con-full e-flex e-con e-child\" data-id=\"9b150c9\" data-element_type=\"container\" data-e-type=\"container\">\n\t\t\t\t<div class=\"elementor-element elementor-element-338cbdf elementor-widget__width-initial elementor-widget elementor-widget-text-editor\" data-id=\"338cbdf\" data-element_type=\"widget\" data-e-type=\"widget\" data-widget_type=\"text-editor.default\">\n\t\t\t\t\t\t\t\t\t<p style=\"text-align: justify;\"><strong>Cec\u00edcilio Fernandes<\/strong>, moris iha loron 1 Janeiru 1974 iha Timor \u2013 Leste. Iha experi\u00e9nsia\u00a0 progressiva liu tinan tolu nulu (30) kona ba Assesoria Finansa, Kontab\u00edlistika no Aprovisionamentu iha instituisoens Estadu, organizasoens Nasion\u00e1l no aj\u00e9nsia dezenvolvimentu Internasional.<\/p><p>Hahu\u2019u nia karreira profissional nu\u2019udar Jestor Kr\u00e9ditu iha Bank Pembangunan Daerah (BPD) hosi tinan 1995 no to\u2019o iha 1999, tuir kedas ho funsoens finanseira importante iha programa internasional , inklui ho Community Empowerment Project (CEP), UNICEF e Millennium Challenge Corporation (MCC). Entre 2004 no 2015, okupa kargu oioin kona ba Jestaun senior iha organizasoens hanesan GTZ, Charles Kendall no Federa\u00e7\u00e3o Internacional das Sociedades da Cruz Vermelha no Crescente Vermelho (IFRC), iha ne\u2019eb\u00e9 lidera inisiativa Finanseiru no fortalesimentu Institusional. A partir 2016, Sr Fernandes dedika nia experi\u00e9nsia ba Governu Timor-Leste, atua hanesan Assesor finanseiru no Aprovisionamentu ba \u00a0minist\u00e9riu oioin \u00a0no \u00a0instituisoens \u00a0nasion\u00e1l , inklui Minist\u00e9rio da Defesa, Minist\u00e9rio dos Transportes e Comunica\u00e7\u00f5es, Minist\u00e9rio Coordenador dos Assuntos Econ\u00f3micos no\u00a0 Secretaria de Estado das Cooperativas.<\/p><p>Al\u00e9in \u00a0nia servisu \u00a0governamental, \u00a0Sr. Fernandes atua hanesan membru ba Conselho de Administra\u00e7\u00e3o das Comiss\u00f5es Financeiras ba Organiza\u00e7\u00f5es Humanit\u00e1rias (CVTL), Fo \u00a0supervizaun finanseiru \u00a0no \u00a0orientasaun \u00a0estrat\u00e9jika ba setores la ho \u00a0fins lukrativu no humanit\u00e1riu iha \u00a0Timor-Leste. Atualmente, okupa Kargu\u00a0 Presidente do Conselho de Administra\u00e7\u00e3o do Banco do Nosso Futuro (BNF) no, desde novembru 2019, atua mos hanesan \u00a0Assesor finanseiru no Aprovisionamentu ba Koordenadores hosi \u00a0Fundo de Investimento dos Veteranos (FIV), kontribui ba \u00a0Konsepsaun, implementasaun no \u00a0governansa ba programa nasion\u00e1l\u00a0 investimentu ba veteranus. Diretor Ezekutivu \u00a0ba \u00a0Fundu Investimentu Estrat\u00e9jiku (FIE), iha kontinua \u00a0halo planu ba Investimentu iha \u00e1rea sira ne\u2019ebe bele hasae krescimentu ekon\u00f3miku sustent\u00e1vel,\u00a0 governasaun finanseira diak \u00a0no dezenvolvimentu institusional.<\/p>\t\t\t\t\t\t\t\t<\/div>\n\t\t\t\t<\/div>\n\t\t\t\t\t<\/div>\n\t\t\t\t<\/div>\n\t\t\t\t<\/div>\n\t\t","protected":false},"excerpt":{"rendered":"<p>Cec\u00edcilio Fernandes, moris iha loron 1 Janeiru 1974 iha Timor \u2013 Leste. Iha experi\u00e9nsia\u00a0 progressiva liu tinan tolu nulu (30) kona ba Assesoria Finansa, Kontab\u00edlistika no Aprovisionamentu iha instituisoens Estadu, organizasoens Nasion\u00e1l no aj\u00e9nsia dezenvolvimentu Internasional. Hahu\u2019u nia karreira profissional nu\u2019udar Jestor Kr\u00e9ditu iha Bank Pembangunan Daerah (BPD) hosi tinan 1995 no to\u2019o iha 1999,<br \/><a class=\"btn btn-theme post-btn\" href=\"https:\/\/fiv.tl\/?page_id=358\">Read More<\/a><\/p>\n","protected":false},"author":1,"featured_media":0,"parent":0,"menu_order":0,"comment_status":"closed","ping_status":"closed","template":"","meta":{"footnotes":""},"class_list":["post-358","page","type-page","status-publish","hentry"],"_links":{"self":[{"href":"https:\/\/fiv.tl\/index.php?rest_route=\/wp\/v2\/pages\/358","targetHints":{"allow":["GET"]}}],"collection":[{"href":"https:\/\/fiv.tl\/index.php?rest_route=\/wp\/v2\/pages"}],"about":[{"href":"https:\/\/fiv.tl\/index.php?rest_route=\/wp\/v2\/types\/page"}],"author":[{"embeddable":true,"href":"https:\/\/fiv.tl\/index.php?rest_route=\/wp\/v2\/users\/1"}],"replies":[{"embeddable":true,"href":"https:\/\/fiv.tl\/index.php?rest_route=%2Fwp%2Fv2%2Fcomments&post=358"}],"version-history":[{"count":36,"href":"https:\/\/fiv.tl\/index.php?rest_route=\/wp\/v2\/pages\/358\/revisions"}],"predecessor-version":[{"id":589,"href":"https:\/\/fiv.tl\/index.php?rest_route=\/wp\/v2\/pages\/358\/revisions\/589"}],"wp:attachment":[{"href":"https:\/\/fiv.tl\/index.php?rest_route=%2Fwp%2Fv2%2Fmedia&parent=358"}],"curies":[{"name":"wp","href":"https:\/\/api.w.org\/{rel}","templated":true}]}}