{"id":336,"date":"2025-10-24T05:39:51","date_gmt":"2025-10-24T05:39:51","guid":{"rendered":"https:\/\/fiv.tl\/?page_id=336"},"modified":"2025-11-11T13:57:03","modified_gmt":"2025-11-11T13:57:03","slug":"sumariu-badak-konaba-lalaok-fundu-investimentu-veteranus","status":"publish","type":"page","link":"https:\/\/fiv.tl\/?page_id=336","title":{"rendered":"SUMARIU BADAK"},"content":{"rendered":"<p>VIII Governu Konstitusional liu hosi Ministerio dos Assuntos dos Combatentes da Liberta\u00e7\u00e3o Nacional e Secretario de Estado dos Assuntos dos Combatentes da Liberta\u00e7\u00e3o Nacional, Liu-liu Sua Ex.Cia Sr. GIL DA COSTA MONTEIRO, \u201cOAN SORU\u201d la\u2019o haleu Munis\u00edpiu sanulu resin rua (12) inklui RAEO, hodi halo sosializasaun kona ba Kriasaun Fundu Investimentu Veteranos, ne\u2019eb\u00e9 hahu hosi Munis\u00edpiu Aileu, iha loron 30 Outubru 2018 to\u2019o remata iha Munis\u00edpiu Dili, iha loron 30 Abril \u00a02019. Hafaoin sosialzasaun remata,\u00a0 kontinua fali ho enkontru Rejion\u00e1l ho objetivu hodi husu aseitasaun a n\u00edvel rejion\u00e1l iha loron 15 Novembru 2019, ikus liu mak hala\u2019o Kongresu Nasion\u00e1l Veteranus iha loron 19 \u2013 21 Dezembru 2019 hodi hasai Deliberasaun, hodi fo kompet\u00e9nsia ba SEACLN momentu ne\u2019eb\u00e1 hodi implementa pol\u00edtika Kriasaun Fundu Investimentu Veteranus.<\/p>\n<p>Iha fulan Marsu 2022, mediante\u00a0 aprovasaun ba s\u00e9tima altersasaun hosi Decreto Lei maka atribui kompet\u00e9nsia ba CCLN (Conselho dos Combatentes da Liberta\u00e7\u00e3o Nacional), atu nune\u2019e bele halo desizaun hotu \u2013 hotu ba Fundo de Investimento dos Veteranos.<\/p>\n<p>Atu bele asegura no promove pol\u00edtika kriasaun Fundu Investimentu Veteranus maka, iha fulan no mos tinan ne\u2019eb\u00e9 hanesan CCLN\u00a0 prepara no estabelese :<\/p>\n<ol>\n<li>Regulamentu Jestaun Fundu<\/li>\n<li>Rejimentu Internu<\/li>\n<li>Manual Finansas<\/li>\n<li>Jestaun Kontabilidade<\/li>\n<li>Manual Aprovizionamentu<\/li>\n<\/ol>\n<p>Aleinde promove pol\u00edtika kriasaun Fundu Investimentu Veteranus, Conselho dos Combatentes da Liberta\u00e7\u00e3o Nacional mos iha komitmentu hakarak kria Fundu ne\u2019eb\u00e9 temi ona ho nia objetivu atu garante sustentabilidade finanseira, kriasaun neg\u00f3siu ne\u2019eb\u00e9 auto-sustent\u00e1vel, halo diverisfikasaun ba investimentu nu\u2019udar forma ida ho inisiativa ida di\u2019ak no baze ida forte hodi bele uza osan atu harii set\u00f3r privadu ka set\u00f3r p\u00fabliku. Bazeia ba hanoin ida ne\u2019e iha tinan 2022, CCLN konsegue estabelese <strong>Companhia Nacional dos Combatentes e Veteranos S.A.<\/strong> (CNCV,SA).<\/p>\n<p>Atu kontinua hametin, dezenvolvimentu no garante sustentabilidade ba futuru, ho nune\u2019e iha tinan 2024 CCLN estabelese tan <strong>Fundo de Investimento dos Veteranos S.A (FIV, SA) ho Fundo de Investimento Estrat\u00e9gico S.A. (FIE,SA), Companhia Nacional dos Combatentes e Veteranos, S.A (CNCV, S.A) hodi sai nu\u2019udar asionista. <\/strong><\/p>\n<p>Aleinde ida ne\u2019e CCLN konsegue estabelese ka hamosu tan instituisaun banku ida ho naran \u201c<strong>Banco do Nosso Futuro, S,A (BNF, S.A)\u201d, <\/strong>ne\u2019eb\u00e9 iha loron 4 Setembru 2025, hala\u2019o ona inagurasaun ofisi\u00e1l ba Banco refere ne\u2019eb\u00e9 marka prezensa mos hosi Presidente Rep\u00fablika RDTL no Primeiru Ministru hosi IX Governo Konstitusion\u00e1l.<\/p>\n<p>Tuir mai ita haree hamutuk dadus\u00a0 hosi saida maka iha pr\u00e1tika mediante investimentu ne\u2019eb\u00e9 iha, hanesan hatene \u00a0emprega ona timor oan lubuk ida, ne\u2019e hanesan sasukat ida hosi investimentu ne\u2019eb\u00e9 mensiona ona iha leten.Tuir mai ita haree detallus hosi unidades investimentu ne\u2019ebe fo ona atendimentu ba Instituisaun P\u00fabliku, Instituisaun Privadu no Instituisaun Semi Privadu mak hanesan tuir mai:<\/p>\n<p><strong>1). Investimentu Liu hosi Kompa\u00f1ia CNCV, S.A <\/strong><\/p>\n<p><strong>A. Companhia Nacional dos Combatentes e Veteranos, S.A kria ona investimentu liu hosi atividade Unidade Neen ( 6) mak hanesan tuir mai: \u00a0\u00a0\u00a0\u00a0\u00a0\u00a0\u00a0\u00a0<\/strong><\/p>\n<p><strong>a. Unidade Seguransa e Protesaun <\/strong><\/p>\n<p><strong>b. Unidade Limpeza <\/strong><\/p>\n<p><strong>c. Unidade Suku Roupa \/ Alfaiate \u00a0\u00a0 <\/strong><\/p>\n<p><strong>d. Unidade Ofisina Mekaniku <\/strong><\/p>\n<p><strong>e. Unidade Fornesimentu Kaixaun no Refrizer <\/strong><\/p>\n<p><strong>f. Unidade Konstrusaun ba Obra (Estradas, Valetas, Uma etc) <\/strong><\/p>\n<p>&nbsp;<\/p>\n<p><strong>B. Ekipamentu ne\u2019ebe mak Fasilita Servisu operasional hodi bele asegura efektividade ba implementasaun obras CNCV, S.A<\/strong><\/p>\n<ul>\n<li>Ekipamentu pezadus (ekipamentu ne\u2019ebe sufisiente bele hala\u2019o servisu iha area kontrusaun no sst)<\/li>\n<\/ul>\n<p><strong>2. Investimentu Liu Hosi Banco do Nosso Futuro S.A\u00a0<\/strong><\/p>\n<p><strong>A. Banco do Nosso Futuro, S.A<\/strong><\/p>\n<p>Banco do Nosso Futuro S.A, nu\u2019udar banku komersi\u00e1l ida ne\u2019ebe mai ho nia visaun no misaun hodi fo atendimentu dignu iha \u00e1rea finanseiru no nudar sai b\u00e9 matan ba investimentu hotu-hotu.<\/p>\n<p><strong>3. Investimentu Liu hosi FIE, S.A <\/strong><\/p>\n<p>Dadaun ne\u2019e FIE, S.A hala\u2019o hela nia preparativu ba investimentu oioin mak hanesan atividade Peskas, Agrikultura, Peku\u00e1riu etc\u2026 ne\u2019eb\u00e9 sei kria mos oportunidade \u00a0ba empregu \u00a0iha futuru hodi bele red\u00faz t\u00e1xa dezempregu iha Timor-Leste.<\/p>\n","protected":false},"excerpt":{"rendered":"<p>VIII Governu Konstitusional liu hosi Ministerio dos Assuntos dos Combatentes da Liberta\u00e7\u00e3o Nacional e Secretario de Estado dos Assuntos dos Combatentes da Liberta\u00e7\u00e3o Nacional, Liu-liu Sua Ex.Cia Sr. GIL DA COSTA MONTEIRO, \u201cOAN SORU\u201d la\u2019o haleu Munis\u00edpiu sanulu resin rua (12) inklui RAEO, hodi halo sosializasaun kona ba Kriasaun Fundu Investimentu Veteranos, ne\u2019eb\u00e9 hahu hosi<br \/><a class=\"btn btn-theme post-btn\" href=\"https:\/\/fiv.tl\/?page_id=336\">Read More<\/a><\/p>\n","protected":false},"author":1,"featured_media":0,"parent":0,"menu_order":0,"comment_status":"closed","ping_status":"closed","template":"","meta":{"footnotes":""},"class_list":["post-336","page","type-page","status-publish","hentry"],"_links":{"self":[{"href":"https:\/\/fiv.tl\/index.php?rest_route=\/wp\/v2\/pages\/336","targetHints":{"allow":["GET"]}}],"collection":[{"href":"https:\/\/fiv.tl\/index.php?rest_route=\/wp\/v2\/pages"}],"about":[{"href":"https:\/\/fiv.tl\/index.php?rest_route=\/wp\/v2\/types\/page"}],"author":[{"embeddable":true,"href":"https:\/\/fiv.tl\/index.php?rest_route=\/wp\/v2\/users\/1"}],"replies":[{"embeddable":true,"href":"https:\/\/fiv.tl\/index.php?rest_route=%2Fwp%2Fv2%2Fcomments&post=336"}],"version-history":[{"count":7,"href":"https:\/\/fiv.tl\/index.php?rest_route=\/wp\/v2\/pages\/336\/revisions"}],"predecessor-version":[{"id":512,"href":"https:\/\/fiv.tl\/index.php?rest_route=\/wp\/v2\/pages\/336\/revisions\/512"}],"wp:attachment":[{"href":"https:\/\/fiv.tl\/index.php?rest_route=%2Fwp%2Fv2%2Fmedia&parent=336"}],"curies":[{"name":"wp","href":"https:\/\/api.w.org\/{rel}","templated":true}]}}